{"id":725,"date":"2012-08-08T10:34:30","date_gmt":"2012-08-08T08:34:30","guid":{"rendered":"http:\/\/www.festivalservice.com\/?page_id=725"},"modified":"2020-12-19T18:32:45","modified_gmt":"2020-12-19T17:32:45","slug":"impressum","status":"publish","type":"page","link":"https:\/\/www.festivalservice.com\/en\/impressum\/","title":{"rendered":"Privacy Policy"},"content":{"rendered":"<p><\/p>\n<h1>Medieninhaber<\/h1>\n<p>Helga Rosin<br \/>\nGitznerstrasse 3<br \/>\n5020 Salzburg<br \/>\nTelefon: +43 662 855107<br \/>\nMobiltelefon: +43 664 2530033<br \/>\nFax: +43 662 855107 4<br \/>\nE-Mail:\u00a0<a href=\"mailto:info@festivalservice.com\">info@festivalservice.com<\/a><br \/>\nWeb:\u00a0<a title=\"Homepage\" href=\"http:\/\/www.festivalservice.com\">http:\/\/www.festivalservice.com<\/a><\/p>\n<h1>Firmeninfos<\/h1>\n<p>Firmenname: festival service gmbh<br \/>\nUnternehmensbezeichnung: VERANSTALTUNGEN &#8211; INCENTIVES- EVENTS<br \/>\nGr\u00fcndungsjahr: 1997<br \/>\nFirmenbuchnummer: 157839t<br \/>\nFirmengericht: Landesgericht Salzburg<br \/>\nBeh\u00f6rde gem. ECG (E-Commerce Gesetz): Magistrat der Stadt Salzburg<br \/>\nWeitere Aufsichtsbeh\u00f6rde (gem. ECG): keine<br \/>\nUID-Nummer: ATU46588107<br \/>\nMehr Information: <a title=\"Wirthschaftskammer\" href=\"https:\/\/firmen.wko.at\/festival-service-gmbh-veranstaltungen---incentives--events\/salzburg\/?firmaid=fb8b14e1-87f5-4bb6-a567-7f4a3e7835cf&#038;suchbegriff=festival%20service\">Wirtschaftskammer<\/a><\/p>\n<h1>SEO &amp; SEM<\/h1>\n<p>by <a title=\"PromoMasters Suchmaschinenoptimierung\" href=\"http:\/\/www.promomasters.at\/\">PromoMasters Online Marketing<\/a><br \/>\nWaldbadstra\u00dfe 4<br \/>\n5081 Anif bei Salzburg<\/p>\n<h2>Google Analytics<\/h2>\n<p>\u201eDiese Website benutzt Google Analytics, einen Webanalysedienst der Google Inc. (\u201eGoogle\u201c). Google Analytics verwendet sog. \u201eCookies\u201c, Textdateien, die auf Ihrem Computer gespeichert werden und die eine Analyse der Benutzung der Website durch Sie erm\u00f6glichen. Die durch den Cookie erzeugten Informationen \u00fcber Ihre Benutzung dieser Website werden in der Regel an einen Server von Google in den USA \u00fcbertragen und dort gespeichert. Im Falle der Aktivierung der IP-Anonymisierung auf dieser Webseite, wird Ihre IP-Adresse von Google jedoch innerhalb von Mitgliedstaaten der Europ\u00e4ischen Union oder in anderen Vertragsstaaten des Abkommens \u00fcber den Europ\u00e4ischen Wirtschaftsraum zuvor gek\u00fcrzt. Nur in Ausnahmef\u00e4llen wird die volle IP-Adresse an einen Server von Google in den USA \u00fcbertragen und dort gek\u00fcrzt. Im Auftrag des Betreibers dieser Website wird Google diese Informationen benutzen, um Ihre Nutzung der Website auszuwerten, um Reports \u00fcber die Websiteaktivit\u00e4ten zusammenzustellen und um weitere mit der Websitenutzung und der Internetnutzung verbundene Dienstleistungen gegen\u00fcber dem Websitebetreiber zu erbringenDie im Rahmen von Google Analytics von Ihrem Browser \u00fcbermittelte IP-Adresse wird nicht mit anderen Daten von Google zusammengef\u00fchrt. Sie k\u00f6nnen die Speicherung der Cookies durch eine entsprechende Einstellung Ihrer Browser-Software verhindern; wir weisen Sie jedoch darauf hin, dass Sie in diesem Fall gegebenenfalls nicht s\u00e4mtliche Funktionen dieser Website vollumf\u00e4nglich werden nutzen k\u00f6nnen. Sie k\u00f6nnen dar\u00fcber hinaus die Erfassung der durch das Cookie erzeugten und auf Ihre Nutzung der Website bezogenen Daten (inkl. Ihrer IP-Adresse) an Google sowie die Verarbeitung dieser Daten durch Google verhindern, indem sie das unter dem folgenden Link verf\u00fcgbare Browser-Plugin herunterladen und installieren. Der aktuelle Link ist\u00a0<a href=\"http:\/\/tools.google.com\/dlpage\/gaoptout?hl=de\">http:\/\/tools.google.com\/dlpage\/gaoptout?hl=de<\/a><\/p>\n<p><\/p>","protected":false},"excerpt":{"rendered":"<p>Medieninhaber Helga Rosin Gitznerstrasse 3 5020 Salzburg Telefon: +43 662 855107 Mobiltelefon: +43 664 2530033 Fax: +43 662 855107 4 E-Mail:\u00a0info@festivalservice.com Web:\u00a0http:\/\/www.festivalservice.com Firmeninfos Firmenname: festival service gmbh Unternehmensbezeichnung: VERANSTALTUNGEN &#8211; INCENTIVES- EVENTS Gr\u00fcndungsjahr: 1997 Firmenbuchnummer: 157839t Firmengericht: Landesgericht Salzburg Beh\u00f6rde gem. ECG (E-Commerce Gesetz): Magistrat der Stadt Salzburg Weitere Aufsichtsbeh\u00f6rde (gem. ECG): keine UID-Nummer: ATU46588107 Mehr Information: Wirtschaftskammer SEO &amp;&nbsp;<a href=\"https:\/\/www.festivalservice.com\/en\/impressum\/\" class=\"read-more\">Continue Reading<\/a><\/p>\n","protected":false},"author":1,"featured_media":0,"parent":0,"menu_order":16,"comment_status":"closed","ping_status":"open","template":"page-fullwidth.php","meta":{"footnotes":""},"class_list":["post-725","page","type-page","status-publish","hentry"],"_links":{"self":[{"href":"https:\/\/www.festivalservice.com\/en\/wp-json\/wp\/v2\/pages\/725","targetHints":{"allow":["GET"]}}],"collection":[{"href":"https:\/\/www.festivalservice.com\/en\/wp-json\/wp\/v2\/pages"}],"about":[{"href":"https:\/\/www.festivalservice.com\/en\/wp-json\/wp\/v2\/types\/page"}],"author":[{"embeddable":true,"href":"https:\/\/www.festivalservice.com\/en\/wp-json\/wp\/v2\/users\/1"}],"replies":[{"embeddable":true,"href":"https:\/\/www.festivalservice.com\/en\/wp-json\/wp\/v2\/comments?post=725"}],"version-history":[{"count":18,"href":"https:\/\/www.festivalservice.com\/en\/wp-json\/wp\/v2\/pages\/725\/revisions"}],"predecessor-version":[{"id":933,"href":"https:\/\/www.festivalservice.com\/en\/wp-json\/wp\/v2\/pages\/725\/revisions\/933"}],"wp:attachment":[{"href":"https:\/\/www.festivalservice.com\/en\/wp-json\/wp\/v2\/media?parent=725"}],"curies":[{"name":"wp","href":"https:\/\/api.w.org\/{rel}","templated":true}]}}